{"id":1432,"date":"2025-02-17T18:23:12","date_gmt":"2025-02-17T17:23:12","guid":{"rendered":"https:\/\/www.photo-apic.fr\/?page_id=1432"},"modified":"2025-02-17T18:23:12","modified_gmt":"2025-02-17T17:23:12","slug":"2025-exposition-stephen-jones-2","status":"publish","type":"page","link":"https:\/\/www.photo-apic.fr\/index.php\/2025-exposition-stephen-jones-2\/","title":{"rendered":"2025 Exposition Stephen Jones"},"content":{"rendered":"\n<div class=\"wp-block-columns is-layout-flex wp-container-core-columns-is-layout-28f84493 wp-block-columns-is-layout-flex\">\n<div class=\"wp-block-column is-layout-flow wp-block-column-is-layout-flow\">\n<p>Nous avons visit\u00e9 l&rsquo;exposition Stephen Jones, au palais Galliera.  Des chapeaux particuli\u00e8rement originaux. L&rsquo;exercice de les photographier n&rsquo;\u00e9tait pas si simple : peu de lumi\u00e8re,  et beaucoup de reflets dans les vitrines.<\/p>\n\n\n\n<p><a href=\"https:\/\/www.photo-apic.fr\/index.php\/2025-exposition-stephen-jones\/\" data-type=\"page\" data-id=\"1422\">Galerie<\/a><\/p>\n<\/div>\n\n\n\n<div class=\"wp-block-column is-layout-flow wp-block-column-is-layout-flow\">\n<div class=\"alignfull\"><div id=\"metaslider-id-1384\" style=\"max-width: 300px; margin: 0 auto;\" class=\"ml-slider-3-27-14 metaslider metaslider-flex metaslider-1384 ml-slider nav-hidden\">\n    <div id=\"metaslider_container_1384\">\n        <div id=\"metaslider_1384\" class=\"flexslider\">\n            <ul aria-live=\"polite\" class=\"slides\">\n                <li style=\"display: block; width: 100%;\" class=\"slide-1385 ms-image\"><img loading=\"lazy\" decoding=\"async\" src=\"https:\/\/www.photo-apic.fr\/wp-content\/uploads\/2025\/02\/Stephen-Jones-18-scaled-300x0.jpg\" height=\"000\" width=\"300\" alt=\"\" class=\"slider-1384 slide-1385\" title=\"Stephen Jones (18)\" \/><\/li>\n                <li style=\"display: none; width: 100%;\" class=\"slide-1386 ms-image\"><img loading=\"lazy\" decoding=\"async\" src=\"https:\/\/www.photo-apic.fr\/wp-content\/uploads\/2025\/02\/Stephen-Jones-17-scaled-300x0.jpg\" height=\"000\" width=\"300\" alt=\"\" class=\"slider-1384 slide-1386\" title=\"Stephen Jones (17)\" \/><\/li>\n                <li style=\"display: none; width: 100%;\" class=\"slide-1387 ms-image\"><img loading=\"lazy\" decoding=\"async\" src=\"https:\/\/www.photo-apic.fr\/wp-content\/uploads\/2025\/02\/Stephen-Jones-16-scaled-300x0.jpg\" height=\"000\" width=\"300\" alt=\"\" class=\"slider-1384 slide-1387\" title=\"Stephen Jones (16)\" \/><\/li>\n                <li style=\"display: none; width: 100%;\" class=\"slide-1388 ms-image\"><img loading=\"lazy\" decoding=\"async\" src=\"https:\/\/www.photo-apic.fr\/wp-content\/uploads\/2025\/02\/Stephen-Jones-15-scaled-300x0.jpg\" height=\"000\" width=\"300\" alt=\"\" class=\"slider-1384 slide-1388\" title=\"Stephen Jones (15)\" \/><\/li>\n                <li style=\"display: none; width: 100%;\" class=\"slide-1389 ms-image\"><img loading=\"lazy\" decoding=\"async\" src=\"https:\/\/www.photo-apic.fr\/wp-content\/uploads\/2025\/02\/Stephen-Jones-14-scaled-300x0.jpg\" height=\"000\" width=\"300\" alt=\"\" class=\"slider-1384 slide-1389\" title=\"Stephen Jones (14)\" \/><\/li>\n                <li style=\"display: none; width: 100%;\" class=\"slide-1390 ms-image\"><img loading=\"lazy\" decoding=\"async\" src=\"https:\/\/www.photo-apic.fr\/wp-content\/uploads\/2025\/02\/Stephen-Jones-13-scaled-300x0.jpg\" height=\"000\" width=\"300\" alt=\"\" class=\"slider-1384 slide-1390\" title=\"Stephen Jones (13)\" \/><\/li>\n                <li style=\"display: none; width: 100%;\" class=\"slide-1391 ms-image\"><img loading=\"lazy\" decoding=\"async\" src=\"https:\/\/www.photo-apic.fr\/wp-content\/uploads\/2025\/02\/Stephen-Jones-12-scaled-300x0.jpg\" height=\"000\" width=\"300\" alt=\"\" class=\"slider-1384 slide-1391\" title=\"Stephen Jones (12)\" \/><\/li>\n                <li style=\"display: none; width: 100%;\" class=\"slide-1392 ms-image\"><img loading=\"lazy\" decoding=\"async\" src=\"https:\/\/www.photo-apic.fr\/wp-content\/uploads\/2025\/02\/Stephen-Jones-11-scaled-300x0.jpg\" height=\"000\" width=\"300\" alt=\"\" class=\"slider-1384 slide-1392\" title=\"Stephen Jones (11)\" \/><\/li>\n                <li style=\"display: none; width: 100%;\" class=\"slide-1393 ms-image\"><img loading=\"lazy\" decoding=\"async\" src=\"https:\/\/www.photo-apic.fr\/wp-content\/uploads\/2025\/02\/Stephen-Jones-3-scaled-300x0.jpg\" height=\"000\" width=\"300\" alt=\"\" class=\"slider-1384 slide-1393\" title=\"Stephen Jones (3)\" \/><\/li>\n                <li style=\"display: none; width: 100%;\" class=\"slide-1394 ms-image\"><img loading=\"lazy\" decoding=\"async\" src=\"https:\/\/www.photo-apic.fr\/wp-content\/uploads\/2025\/02\/Stephen-Jones-4-scaled-300x0.jpg\" height=\"000\" width=\"300\" alt=\"\" class=\"slider-1384 slide-1394\" title=\"Stephen Jones (4)\" \/><\/li>\n                <li style=\"display: none; width: 100%;\" class=\"slide-1395 ms-image\"><img loading=\"lazy\" decoding=\"async\" src=\"https:\/\/www.photo-apic.fr\/wp-content\/uploads\/2025\/02\/Stephen-Jones-5-scaled-300x0.jpg\" height=\"000\" width=\"300\" alt=\"\" class=\"slider-1384 slide-1395\" title=\"Stephen Jones (5)\" \/><\/li>\n                <li style=\"display: none; width: 100%;\" class=\"slide-1396 ms-image\"><img loading=\"lazy\" decoding=\"async\" src=\"https:\/\/www.photo-apic.fr\/wp-content\/uploads\/2025\/02\/Stephen-Jones-6-scaled-300x0.jpg\" height=\"000\" width=\"300\" alt=\"\" class=\"slider-1384 slide-1396\" title=\"Stephen Jones (6)\" \/><\/li>\n                <li style=\"display: none; width: 100%;\" class=\"slide-1397 ms-image\"><img loading=\"lazy\" decoding=\"async\" src=\"https:\/\/www.photo-apic.fr\/wp-content\/uploads\/2025\/02\/Stephen-Jones-7-scaled-300x0.jpg\" height=\"000\" width=\"300\" alt=\"\" class=\"slider-1384 slide-1397\" title=\"Stephen Jones (7)\" \/><\/li>\n                <li style=\"display: none; width: 100%;\" class=\"slide-1398 ms-image\"><img loading=\"lazy\" decoding=\"async\" src=\"https:\/\/www.photo-apic.fr\/wp-content\/uploads\/2025\/02\/Stephen-Jones-8-scaled-300x0.jpg\" height=\"000\" width=\"300\" alt=\"\" class=\"slider-1384 slide-1398\" title=\"Stephen Jones (8)\" \/><\/li>\n                <li style=\"display: none; width: 100%;\" class=\"slide-1399 ms-image\"><img loading=\"lazy\" decoding=\"async\" src=\"https:\/\/www.photo-apic.fr\/wp-content\/uploads\/2025\/02\/Stephen-Jones-9-scaled-300x0.jpg\" height=\"000\" width=\"300\" alt=\"\" class=\"slider-1384 slide-1399\" title=\"Stephen Jones (9)\" \/><\/li>\n                <li style=\"display: none; width: 100%;\" class=\"slide-1400 ms-image\"><img loading=\"lazy\" decoding=\"async\" src=\"https:\/\/www.photo-apic.fr\/wp-content\/uploads\/2025\/02\/Stephen-Jones-10-scaled-300x0.jpg\" height=\"000\" width=\"300\" alt=\"\" class=\"slider-1384 slide-1400\" title=\"Stephen Jones (10)\" \/><\/li>\n                <li style=\"display: none; width: 100%;\" class=\"slide-1401 ms-image\"><img loading=\"lazy\" decoding=\"async\" src=\"https:\/\/www.photo-apic.fr\/wp-content\/uploads\/2025\/02\/Stephen-Jones-2-scaled-300x0.jpg\" height=\"000\" width=\"300\" alt=\"\" class=\"slider-1384 slide-1401\" title=\"Stephen Jones (2)\" \/><\/li>\n                <li style=\"display: none; width: 100%;\" class=\"slide-1402 ms-image\"><img loading=\"lazy\" decoding=\"async\" src=\"https:\/\/www.photo-apic.fr\/wp-content\/uploads\/2025\/02\/Stephen-Jones-1-scaled-300x0.jpg\" height=\"000\" width=\"300\" alt=\"\" class=\"slider-1384 slide-1402\" title=\"Stephen Jones (1)\" \/><\/li>\n                <li style=\"display: none; width: 100%;\" class=\"slide-1403 ms-image\"><img loading=\"lazy\" decoding=\"async\" src=\"https:\/\/www.photo-apic.fr\/wp-content\/uploads\/2025\/02\/Stephen-Jones-19-scaled-300x0.jpg\" height=\"000\" width=\"300\" alt=\"\" class=\"slider-1384 slide-1403\" title=\"Stephen Jones (19)\" \/><\/li>\n            <\/ul>\n        <\/div>\n        \n    <\/div>\n<\/div><\/div>\n<\/div>\n<\/div>\n","protected":false},"excerpt":{"rendered":"<p>Nous avons visit\u00e9 l&rsquo;exposition Stephen Jones, au palais Galliera. Des chapeaux particuli\u00e8rement originaux. L&rsquo;exercice de les photographier n&rsquo;\u00e9tait pas si simple : peu de lumi\u00e8re, et beaucoup de reflets dans les vitrines. Galerie<\/p>\n","protected":false},"author":3,"featured_media":0,"parent":0,"menu_order":0,"comment_status":"closed","ping_status":"closed","template":"","meta":{"site-sidebar-layout":"default","site-content-layout":"default","ast-global-header-display":"","ast-main-header-display":"","ast-hfb-above-header-display":"","ast-hfb-below-header-display":"","ast-hfb-mobile-header-display":"","site-post-title":"","ast-breadcrumbs-content":"","ast-featured-img":"","footer-sml-layout":"","theme-transparent-header-meta":"","adv-header-id-meta":"","stick-header-meta":"","header-above-stick-meta":"","header-main-stick-meta":"","header-below-stick-meta":"","footnotes":""},"folder":[26],"class_list":["post-1432","page","type-page","status-publish","hentry"],"_links":{"self":[{"href":"https:\/\/www.photo-apic.fr\/index.php\/wp-json\/wp\/v2\/pages\/1432","targetHints":{"allow":["GET"]}}],"collection":[{"href":"https:\/\/www.photo-apic.fr\/index.php\/wp-json\/wp\/v2\/pages"}],"about":[{"href":"https:\/\/www.photo-apic.fr\/index.php\/wp-json\/wp\/v2\/types\/page"}],"author":[{"embeddable":true,"href":"https:\/\/www.photo-apic.fr\/index.php\/wp-json\/wp\/v2\/users\/3"}],"replies":[{"embeddable":true,"href":"https:\/\/www.photo-apic.fr\/index.php\/wp-json\/wp\/v2\/comments?post=1432"}],"version-history":[{"count":2,"href":"https:\/\/www.photo-apic.fr\/index.php\/wp-json\/wp\/v2\/pages\/1432\/revisions"}],"predecessor-version":[{"id":1434,"href":"https:\/\/www.photo-apic.fr\/index.php\/wp-json\/wp\/v2\/pages\/1432\/revisions\/1434"}],"wp:attachment":[{"href":"https:\/\/www.photo-apic.fr\/index.php\/wp-json\/wp\/v2\/media?parent=1432"}],"wp:term":[{"taxonomy":"folder","embeddable":true,"href":"https:\/\/www.photo-apic.fr\/index.php\/wp-json\/wp\/v2\/folder?post=1432"}],"curies":[{"name":"wp","href":"https:\/\/api.w.org\/{rel}","templated":true}]}}