{"id":35,"date":"2022-10-03T14:12:35","date_gmt":"2022-10-03T12:12:35","guid":{"rendered":"https:\/\/photo-apic.fr\/?page_id=35"},"modified":"2025-10-25T17:34:32","modified_gmt":"2025-10-25T15:34:32","slug":"contacts","status":"publish","type":"page","link":"https:\/\/www.photo-apic.fr\/index.php\/contacts\/","title":{"rendered":"Contacts"},"content":{"rendered":"\n<div class=\"wp-block-columns is-layout-flex wp-container-core-columns-is-layout-28f84493 wp-block-columns-is-layout-flex\">\n<div class=\"wp-block-column is-layout-flow wp-block-column-is-layout-flow\" style=\"flex-basis:33.33%\">\n<h4 class=\"wp-block-heading\">Horaires<\/h4>\n\n\n\n<p>D\u00e9veloppement photo : Lightroom \/ Photoshop<\/p>\n\n\n\n<p><\/p>\n\n\n\n<ul class=\"wp-block-list\">\n<li>Initiation : le jeudi 9h00 &#8211; 10h30<\/li>\n\n\n\n<li>Cours \u00ab\u00a0avanc\u00e9s\u00a0\u00bb : le jeudi 18h00 &#8211; 19h30<\/li>\n<\/ul>\n\n\n\n<p>Montage Vid\u00e9o : DaVinci Resolve<\/p>\n\n\n\n<ul class=\"wp-block-list\">\n<li>Initiation : le jeudi 10h30 &#8211; 12h00<\/li>\n\n\n\n<li>Cours \u00ab\u00a0avanc\u00e9s\u00a0\u00bb : le mardi 18h00 &#8211; 19h30<\/li>\n<\/ul>\n<\/div>\n\n\n\n<div class=\"wp-block-column is-layout-flow wp-block-column-is-layout-flow\" style=\"flex-basis:33.33%\">\n<h4 class=\"wp-block-heading\">Lieu<\/h4>\n\n\n\n<p id=\"<\/b&gt;\">Le \u00ab\u00a0Carr\u00e9 du 6\u00a0\u00bb<\/p>\n\n\n\n<p>36 Rue de Melun<\/p>\n\n\n\n<p>77240 Seine-Port<\/p>\n\n\n\n<p>Salle Bentzon<\/p>\n<\/div>\n\n\n\n<div class=\"wp-block-column is-layout-flow wp-block-column-is-layout-flow\" style=\"flex-basis:66.66%\">\n<iframe src=\"https:\/\/www.google.com\/maps\/embed?pb=!1m18!1m12!1m3!1d5281.49466106197!2d2.546710875159836!3d48.55723368450296!2m3!1f0!2f0!3f0!3m2!1i1024!2i768!4f13.1!3m3!1m2!1s0x47e5e52411806a3f%3A0x1f36929a5cd8f163!2sLe%20%22CARRE%20du%206%20%22!5e0!3m2!1sfr!2sfr!4v1669036783113!5m2!1sfr!2sfr\" style=\"border:0;\" allowfullscreen=\"\" loading=\"lazy\" referrerpolicy=\"no-referrer-when-downgrade\" width=\"600\" height=\"450\"><\/iframe>\n<\/div>\n<\/div>\n\n\n\n<details class=\"wp-block-details alignfull is-layout-flow wp-container-core-details-is-layout-8a368f38 wp-block-details-is-layout-flow\"><summary>flyer<\/summary>\n<div data-wp-interactive=\"core\/file\" class=\"wp-block-file\"><object data-wp-bind--hidden=\"!state.hasPdfPreview\" hidden class=\"wp-block-file__embed\" data=\"https:\/\/www.photo-apic.fr\/wp-content\/uploads\/2025\/10\/flyer-A5FP.pdf\" type=\"application\/pdf\" style=\"width:100%;height:600px\" aria-label=\"Contenu embarqu\u00e9 flyer A5+FP.\"><\/object><a id=\"wp-block-file--media-0145236d-3b28-4c69-a94d-60312321ea6b\" href=\"https:\/\/www.photo-apic.fr\/wp-content\/uploads\/2025\/10\/flyer-A5FP.pdf\">flyer A5+FP<\/a><a href=\"https:\/\/www.photo-apic.fr\/wp-content\/uploads\/2025\/10\/flyer-A5FP.pdf\" class=\"wp-block-file__button wp-element-button\" download aria-describedby=\"wp-block-file--media-0145236d-3b28-4c69-a94d-60312321ea6b\">T\u00e9l\u00e9charger<\/a><\/div>\n<\/details>\n\n\n<div class=\"wp-block-jetpack-contact-form\"><a href=\"https:\/\/www.photo-apic.fr\/index.php\/contacts\/\" target=\"_blank\" rel=\"noopener noreferrer\">Soumettre un formulaire.<\/a><\/div>\n\n\n<h3 class=\"wp-block-heading\"><\/h3>\n\n\n\n<div class=\"wp-block-columns is-layout-flex wp-container-core-columns-is-layout-28f84493 wp-block-columns-is-layout-flex\">\n<div class=\"wp-block-column is-layout-flow wp-block-column-is-layout-flow\" style=\"flex-basis:50%\">\n<h3 class=\"wp-block-heading\">Le mot du Pr\u00e9sident<\/h3>\n\n\n\n<h4 class=\"wp-block-heading alignwide has-text-align-left\">Dominique BISSONNIER<\/h4>\n\n\n\n<p>Bonjour !<\/p>\n\n\n\n<p>Je ne suis pas un photographe professionnel. Je me qualifierais de voyageur photographe. Ma premi\u00e8re passion est le voyage. Un voyage, ce sont des rencontres et des paysages fabuleux, que l&rsquo;on veut conserver et partager au travers de la photographie.<\/p>\n\n\n\n<p>J&rsquo;ai une formation informatique, et  je suis all\u00e9 naturellement vers le post-traitement sur ordinateur. C&rsquo;est pourquoi, j&rsquo;ai repris la suite de Marc Ithar, qui avait fond\u00e9 l&rsquo;association.<\/p>\n\n\n\n<p>Je tiens \u00e0 ce que cette association soit plus une amicale qu&rsquo;un club photo. Nous ne sommes pas affili\u00e9s aux f\u00e9d\u00e9rations, et ne participerons pas au titre du club, aux concours.  <\/p>\n\n\n\n<p>La photo est un moyen d&rsquo;\u00e9change et de partage. C&rsquo;est toute l&rsquo;ambition de notre association.<\/p>\n\n\n\n<p><\/p>\n<\/div>\n\n\n\n<div class=\"wp-block-column is-vertically-aligned-center is-layout-flow wp-block-column-is-layout-flow\" style=\"flex-basis:50%\">\n<figure data-wp-context=\"{&quot;imageId&quot;:&quot;69e18e542659d&quot;}\" data-wp-interactive=\"core\/image\" data-wp-key=\"69e18e542659d\" class=\"wp-block-image aligncenter size-full is-resized has-custom-border is-style-rounded wp-lightbox-container\"><img loading=\"lazy\" decoding=\"async\" width=\"1845\" height=\"2460\" data-wp-class--hide=\"state.isContentHidden\" data-wp-class--show=\"state.isContentVisible\" data-wp-init=\"callbacks.setButtonStyles\" data-wp-on--click=\"actions.showLightbox\" data-wp-on--load=\"callbacks.setButtonStyles\" data-wp-on-window--resize=\"callbacks.setButtonStyles\" src=\"https:\/\/www.photo-apic.fr\/wp-content\/uploads\/2024\/09\/24-Machu-Picchu-033.jpg\" alt=\"\" class=\"wp-image-1024\" style=\"border-style:none;border-width:0px;border-radius:100px;aspect-ratio:1;object-fit:cover;width:200px\" srcset=\"https:\/\/www.photo-apic.fr\/wp-content\/uploads\/2024\/09\/24-Machu-Picchu-033.jpg 1845w, https:\/\/www.photo-apic.fr\/wp-content\/uploads\/2024\/09\/24-Machu-Picchu-033-225x300.jpg 225w, https:\/\/www.photo-apic.fr\/wp-content\/uploads\/2024\/09\/24-Machu-Picchu-033-768x1024.jpg 768w, https:\/\/www.photo-apic.fr\/wp-content\/uploads\/2024\/09\/24-Machu-Picchu-033-1152x1536.jpg 1152w, https:\/\/www.photo-apic.fr\/wp-content\/uploads\/2024\/09\/24-Machu-Picchu-033-1536x2048.jpg 1536w\" sizes=\"auto, (max-width: 1845px) 100vw, 1845px\" \/><button\n\t\t\tclass=\"lightbox-trigger\"\n\t\t\ttype=\"button\"\n\t\t\taria-haspopup=\"dialog\"\n\t\t\taria-label=\"Agrandir\"\n\t\t\tdata-wp-init=\"callbacks.initTriggerButton\"\n\t\t\tdata-wp-on--click=\"actions.showLightbox\"\n\t\t\tdata-wp-style--right=\"state.imageButtonRight\"\n\t\t\tdata-wp-style--top=\"state.imageButtonTop\"\n\t\t>\n\t\t\t<svg xmlns=\"http:\/\/www.w3.org\/2000\/svg\" width=\"12\" height=\"12\" fill=\"none\" viewBox=\"0 0 12 12\">\n\t\t\t\t<path fill=\"#fff\" d=\"M2 0a2 2 0 0 0-2 2v2h1.5V2a.5.5 0 0 1 .5-.5h2V0H2Zm2 10.5H2a.5.5 0 0 1-.5-.5V8H0v2a2 2 0 0 0 2 2h2v-1.5ZM8 12v-1.5h2a.5.5 0 0 0 .5-.5V8H12v2a2 2 0 0 1-2 2H8Zm2-12a2 2 0 0 1 2 2v2h-1.5V2a.5.5 0 0 0-.5-.5H8V0h2Z\" \/>\n\t\t\t<\/svg>\n\t\t<\/button><\/figure>\n<\/div>\n<\/div>\n\n\n\n<p><\/p>\n","protected":false},"excerpt":{"rendered":"<p>Horaires D\u00e9veloppement photo : Lightroom \/ Photoshop Montage Vid\u00e9o : DaVinci Resolve Lieu Le \u00ab\u00a0Carr\u00e9 du 6\u00a0\u00bb 36 Rue de Melun 77240 Seine-Port Salle Bentzon Le mot du Pr\u00e9sident Dominique BISSONNIER Bonjour ! Je ne suis pas un photographe professionnel. Je me qualifierais de voyageur photographe. Ma premi\u00e8re passion est le voyage. Un voyage, ce &hellip;<\/p>\n<p class=\"read-more\"> <a class=\"\" href=\"https:\/\/www.photo-apic.fr\/index.php\/contacts\/\"> <span class=\"screen-reader-text\">Contacts<\/span> Lire la suite\u00a0\u00bb<\/a><\/p>\n","protected":false},"author":2,"featured_media":0,"parent":0,"menu_order":0,"comment_status":"closed","ping_status":"closed","template":"","meta":{"site-sidebar-layout":"default","site-content-layout":"default","ast-global-header-display":"","ast-main-header-display":"","ast-hfb-above-header-display":"","ast-hfb-below-header-display":"","ast-hfb-mobile-header-display":"","site-post-title":"disabled","ast-breadcrumbs-content":"","ast-featured-img":"","footer-sml-layout":"","theme-transparent-header-meta":"","adv-header-id-meta":"","stick-header-meta":"","header-above-stick-meta":"","header-main-stick-meta":"","header-below-stick-meta":"","footnotes":""},"folder":[],"class_list":["post-35","page","type-page","status-publish","hentry"],"_links":{"self":[{"href":"https:\/\/www.photo-apic.fr\/index.php\/wp-json\/wp\/v2\/pages\/35","targetHints":{"allow":["GET"]}}],"collection":[{"href":"https:\/\/www.photo-apic.fr\/index.php\/wp-json\/wp\/v2\/pages"}],"about":[{"href":"https:\/\/www.photo-apic.fr\/index.php\/wp-json\/wp\/v2\/types\/page"}],"author":[{"embeddable":true,"href":"https:\/\/www.photo-apic.fr\/index.php\/wp-json\/wp\/v2\/users\/2"}],"replies":[{"embeddable":true,"href":"https:\/\/www.photo-apic.fr\/index.php\/wp-json\/wp\/v2\/comments?post=35"}],"version-history":[{"count":54,"href":"https:\/\/www.photo-apic.fr\/index.php\/wp-json\/wp\/v2\/pages\/35\/revisions"}],"predecessor-version":[{"id":1892,"href":"https:\/\/www.photo-apic.fr\/index.php\/wp-json\/wp\/v2\/pages\/35\/revisions\/1892"}],"wp:attachment":[{"href":"https:\/\/www.photo-apic.fr\/index.php\/wp-json\/wp\/v2\/media?parent=35"}],"wp:term":[{"taxonomy":"folder","embeddable":true,"href":"https:\/\/www.photo-apic.fr\/index.php\/wp-json\/wp\/v2\/folder?post=35"}],"curies":[{"name":"wp","href":"https:\/\/api.w.org\/{rel}","templated":true}]}}